{"id":273119,"date":"2019-03-29T15:50:25","date_gmt":"2019-03-29T04:20:25","guid":{"rendered":"https:\/\/www.staging.gomarkets.com\/next-steps-in-forex-course\/"},"modified":"2023-09-28T09:31:18","modified_gmt":"2023-09-27T23:31:18","slug":"next-steps-in-forex-course","status":"publish","type":"page","link":"https:\/\/www.tradingwithgo.com\/vi\/next-steps-in-forex-course\/","title":{"rendered":"Next Steps in Forex Course"},"content":{"rendered":"","protected":false},"excerpt":{"rendered":"","protected":false},"author":15,"featured_media":0,"parent":0,"menu_order":0,"comment_status":"closed","ping_status":"closed","template":"template-parts\/low-level.php","meta":{"_acf_changed":false,"footnotes":""},"class_list":["post-273119","page","type-page","status-publish","hentry"],"acf":[],"yoast_head":"<!-- This site is optimized with the Yoast SEO plugin v24.5 - https:\/\/yoast.com\/wordpress\/plugins\/seo\/ -->\n<title>C\u00e1c b\u01b0\u1edbc ti\u1ebfp theo trong Forex - kh\u00f3a h\u1ecdc giao d\u1ecbch mi\u1ec5n ph\u00ed t\u1eeb GO Markets<\/title>\n<meta name=\"description\" content=\"\u0110\u1ea1t \u0111\u01b0\u1ee3c ki\u1ebfn \u200b\u200bth\u1ee9c c\u1ea7n thi\u1ebft \u0111\u1ec3 \u0111\u01b0a b\u1ea1n t\u1eeb ng\u01b0\u1eddi m\u1edbi b\u1eaft \u0111\u1ea7u \u0111\u1ebfn hi\u1ec3u c\u00e1c kh\u00eda c\u1ea1nh c\u1ee7a ph\u00e2n t\u00edch k\u1ef9 thu\u1eadt, ph\u00e1t tri\u1ec3n v\u00e0 \u0111\u00e1nh gi\u00e1 h\u1ec7 th\u1ed1ng giao d\u1ecbch.\" \/>\n<meta name=\"robots\" content=\"noindex, follow, max-snippet:-1, max-image-preview:large, max-video-preview:-1\" \/>\n<meta property=\"og:locale\" content=\"vi_VN\" \/>\n<meta property=\"og:type\" content=\"article\" \/>\n<meta property=\"og:title\" content=\"C\u00e1c b\u01b0\u1edbc ti\u1ebfp theo trong Forex - kh\u00f3a h\u1ecdc giao d\u1ecbch mi\u1ec5n ph\u00ed t\u1eeb GO Markets\" \/>\n<meta property=\"og:description\" content=\"\u0110\u1ea1t \u0111\u01b0\u1ee3c ki\u1ebfn \u200b\u200bth\u1ee9c c\u1ea7n thi\u1ebft \u0111\u1ec3 \u0111\u01b0a b\u1ea1n t\u1eeb ng\u01b0\u1eddi m\u1edbi b\u1eaft \u0111\u1ea7u \u0111\u1ebfn hi\u1ec3u c\u00e1c kh\u00eda c\u1ea1nh c\u1ee7a ph\u00e2n t\u00edch k\u1ef9 thu\u1eadt, ph\u00e1t tri\u1ec3n v\u00e0 \u0111\u00e1nh gi\u00e1 h\u1ec7 th\u1ed1ng giao d\u1ecbch.\" \/>\n<meta property=\"og:url\" content=\"https:\/\/www.tradingwithgo.com\/vi\/next-steps-in-forex-course\/\" \/>\n<meta property=\"og:site_name\" content=\"GO Markets\" \/>\n<meta property=\"article:modified_time\" content=\"2023-09-27T23:31:18+00:00\" \/>\n<meta name=\"twitter:card\" content=\"summary_large_image\" \/>\n<script type=\"application\/ld+json\" class=\"yoast-schema-graph\">{\"@context\":\"https:\/\/schema.org\",\"@graph\":[{\"@type\":\"WebPage\",\"@id\":\"https:\/\/www.tradingwithgo.com\/vi\/next-steps-in-forex-course\/\",\"url\":\"https:\/\/www.tradingwithgo.com\/vi\/next-steps-in-forex-course\/\",\"name\":\"C\u00e1c b\u01b0\u1edbc ti\u1ebfp theo trong Forex - kh\u00f3a h\u1ecdc giao d\u1ecbch mi\u1ec5n ph\u00ed t\u1eeb GO Markets\",\"isPartOf\":{\"@id\":\"https:\/\/www.tradingwithgo.com\/vi\/#website\"},\"datePublished\":\"2019-03-29T04:20:25+00:00\",\"dateModified\":\"2023-09-27T23:31:18+00:00\",\"description\":\"\u0110\u1ea1t \u0111\u01b0\u1ee3c ki\u1ebfn \u200b\u200bth\u1ee9c c\u1ea7n thi\u1ebft \u0111\u1ec3 \u0111\u01b0a b\u1ea1n t\u1eeb ng\u01b0\u1eddi m\u1edbi b\u1eaft \u0111\u1ea7u \u0111\u1ebfn hi\u1ec3u c\u00e1c kh\u00eda c\u1ea1nh c\u1ee7a ph\u00e2n t\u00edch k\u1ef9 thu\u1eadt, ph\u00e1t tri\u1ec3n v\u00e0 \u0111\u00e1nh gi\u00e1 h\u1ec7 th\u1ed1ng giao d\u1ecbch.\",\"breadcrumb\":{\"@id\":\"https:\/\/www.tradingwithgo.com\/vi\/next-steps-in-forex-course\/#breadcrumb\"},\"inLanguage\":\"vi-VN\",\"potentialAction\":[{\"@type\":\"ReadAction\",\"target\":[\"https:\/\/www.tradingwithgo.com\/vi\/next-steps-in-forex-course\/\"]}]},{\"@type\":\"BreadcrumbList\",\"@id\":\"https:\/\/www.tradingwithgo.com\/vi\/next-steps-in-forex-course\/#breadcrumb\",\"itemListElement\":[{\"@type\":\"ListItem\",\"position\":1,\"name\":\"Home\",\"item\":\"https:\/\/www.tradingwithgo.com\/vi\/\"},{\"@type\":\"ListItem\",\"position\":2,\"name\":\"Next Steps in Forex Course\"}]},{\"@type\":\"WebSite\",\"@id\":\"https:\/\/www.tradingwithgo.com\/vi\/#website\",\"url\":\"https:\/\/www.tradingwithgo.com\/vi\/\",\"name\":\"GO Markets\",\"description\":\"\",\"publisher\":{\"@id\":\"https:\/\/www.tradingwithgo.com\/vi\/#organization\"},\"potentialAction\":[{\"@type\":\"SearchAction\",\"target\":{\"@type\":\"EntryPoint\",\"urlTemplate\":\"https:\/\/www.tradingwithgo.com\/vi\/?s={search_term_string}\"},\"query-input\":{\"@type\":\"PropertyValueSpecification\",\"valueRequired\":true,\"valueName\":\"search_term_string\"}}],\"inLanguage\":\"vi-VN\"},{\"@type\":\"Organization\",\"@id\":\"https:\/\/www.tradingwithgo.com\/vi\/#organization\",\"name\":\"GO Markets\",\"url\":\"https:\/\/www.tradingwithgo.com\/vi\/\",\"logo\":{\"@type\":\"ImageObject\",\"inLanguage\":\"vi-VN\",\"@id\":\"https:\/\/www.tradingwithgo.com\/vi\/#\/schema\/logo\/image\/\",\"url\":\"https:\/\/www.gomarkets.com\/wp-content\/uploads\/2023\/01\/Logo-Portrait-RGB-1x2-1.png\",\"contentUrl\":\"https:\/\/www.gomarkets.com\/wp-content\/uploads\/2023\/01\/Logo-Portrait-RGB-1x2-1.png\",\"width\":368,\"height\":226,\"caption\":\"GO Markets\"},\"image\":{\"@id\":\"https:\/\/www.tradingwithgo.com\/vi\/#\/schema\/logo\/image\/\"}}]}<\/script>\n<!-- \/ Yoast SEO plugin. -->","yoast_head_json":{"title":"C\u00e1c b\u01b0\u1edbc ti\u1ebfp theo trong Forex - kh\u00f3a h\u1ecdc giao d\u1ecbch mi\u1ec5n ph\u00ed t\u1eeb GO Markets","description":"\u0110\u1ea1t \u0111\u01b0\u1ee3c ki\u1ebfn \u200b\u200bth\u1ee9c c\u1ea7n thi\u1ebft \u0111\u1ec3 \u0111\u01b0a b\u1ea1n t\u1eeb ng\u01b0\u1eddi m\u1edbi b\u1eaft \u0111\u1ea7u \u0111\u1ebfn hi\u1ec3u c\u00e1c kh\u00eda c\u1ea1nh c\u1ee7a ph\u00e2n t\u00edch k\u1ef9 thu\u1eadt, ph\u00e1t tri\u1ec3n v\u00e0 \u0111\u00e1nh gi\u00e1 h\u1ec7 th\u1ed1ng giao d\u1ecbch.","robots":{"index":"noindex","follow":"follow","max-snippet":"max-snippet:-1","max-image-preview":"max-image-preview:large","max-video-preview":"max-video-preview:-1"},"og_locale":"vi_VN","og_type":"article","og_title":"C\u00e1c b\u01b0\u1edbc ti\u1ebfp theo trong Forex - kh\u00f3a h\u1ecdc giao d\u1ecbch mi\u1ec5n ph\u00ed t\u1eeb GO Markets","og_description":"\u0110\u1ea1t \u0111\u01b0\u1ee3c ki\u1ebfn \u200b\u200bth\u1ee9c c\u1ea7n thi\u1ebft \u0111\u1ec3 \u0111\u01b0a b\u1ea1n t\u1eeb ng\u01b0\u1eddi m\u1edbi b\u1eaft \u0111\u1ea7u \u0111\u1ebfn hi\u1ec3u c\u00e1c kh\u00eda c\u1ea1nh c\u1ee7a ph\u00e2n t\u00edch k\u1ef9 thu\u1eadt, ph\u00e1t tri\u1ec3n v\u00e0 \u0111\u00e1nh gi\u00e1 h\u1ec7 th\u1ed1ng giao d\u1ecbch.","og_url":"https:\/\/www.tradingwithgo.com\/vi\/next-steps-in-forex-course\/","og_site_name":"GO Markets","article_modified_time":"2023-09-27T23:31:18+00:00","twitter_card":"summary_large_image","schema":{"@context":"https:\/\/schema.org","@graph":[{"@type":"WebPage","@id":"https:\/\/www.tradingwithgo.com\/vi\/next-steps-in-forex-course\/","url":"https:\/\/www.tradingwithgo.com\/vi\/next-steps-in-forex-course\/","name":"C\u00e1c b\u01b0\u1edbc ti\u1ebfp theo trong Forex - kh\u00f3a h\u1ecdc giao d\u1ecbch mi\u1ec5n ph\u00ed t\u1eeb GO Markets","isPartOf":{"@id":"https:\/\/www.tradingwithgo.com\/vi\/#website"},"datePublished":"2019-03-29T04:20:25+00:00","dateModified":"2023-09-27T23:31:18+00:00","description":"\u0110\u1ea1t \u0111\u01b0\u1ee3c ki\u1ebfn \u200b\u200bth\u1ee9c c\u1ea7n thi\u1ebft \u0111\u1ec3 \u0111\u01b0a b\u1ea1n t\u1eeb ng\u01b0\u1eddi m\u1edbi b\u1eaft \u0111\u1ea7u \u0111\u1ebfn hi\u1ec3u c\u00e1c kh\u00eda c\u1ea1nh c\u1ee7a ph\u00e2n t\u00edch k\u1ef9 thu\u1eadt, ph\u00e1t tri\u1ec3n v\u00e0 \u0111\u00e1nh gi\u00e1 h\u1ec7 th\u1ed1ng giao d\u1ecbch.","breadcrumb":{"@id":"https:\/\/www.tradingwithgo.com\/vi\/next-steps-in-forex-course\/#breadcrumb"},"inLanguage":"vi-VN","potentialAction":[{"@type":"ReadAction","target":["https:\/\/www.tradingwithgo.com\/vi\/next-steps-in-forex-course\/"]}]},{"@type":"BreadcrumbList","@id":"https:\/\/www.tradingwithgo.com\/vi\/next-steps-in-forex-course\/#breadcrumb","itemListElement":[{"@type":"ListItem","position":1,"name":"Home","item":"https:\/\/www.tradingwithgo.com\/vi\/"},{"@type":"ListItem","position":2,"name":"Next Steps in Forex Course"}]},{"@type":"WebSite","@id":"https:\/\/www.tradingwithgo.com\/vi\/#website","url":"https:\/\/www.tradingwithgo.com\/vi\/","name":"GO Markets","description":"","publisher":{"@id":"https:\/\/www.tradingwithgo.com\/vi\/#organization"},"potentialAction":[{"@type":"SearchAction","target":{"@type":"EntryPoint","urlTemplate":"https:\/\/www.tradingwithgo.com\/vi\/?s={search_term_string}"},"query-input":{"@type":"PropertyValueSpecification","valueRequired":true,"valueName":"search_term_string"}}],"inLanguage":"vi-VN"},{"@type":"Organization","@id":"https:\/\/www.tradingwithgo.com\/vi\/#organization","name":"GO Markets","url":"https:\/\/www.tradingwithgo.com\/vi\/","logo":{"@type":"ImageObject","inLanguage":"vi-VN","@id":"https:\/\/www.tradingwithgo.com\/vi\/#\/schema\/logo\/image\/","url":"https:\/\/www.gomarkets.com\/wp-content\/uploads\/2023\/01\/Logo-Portrait-RGB-1x2-1.png","contentUrl":"https:\/\/www.gomarkets.com\/wp-content\/uploads\/2023\/01\/Logo-Portrait-RGB-1x2-1.png","width":368,"height":226,"caption":"GO Markets"},"image":{"@id":"https:\/\/www.tradingwithgo.com\/vi\/#\/schema\/logo\/image\/"}}]}},"publishpress_future_action":{"enabled":false,"date":"2026-04-15 10:02:14","action":"change-status","newStatus":"draft","terms":[],"taxonomy":"translation_priority"},"publishpress_future_workflow_manual_trigger":{"enabledWorkflows":[]},"_links":{"self":[{"href":"https:\/\/www.tradingwithgo.com\/vi\/wp-json\/wp\/v2\/pages\/273119","targetHints":{"allow":["GET"]}}],"collection":[{"href":"https:\/\/www.tradingwithgo.com\/vi\/wp-json\/wp\/v2\/pages"}],"about":[{"href":"https:\/\/www.tradingwithgo.com\/vi\/wp-json\/wp\/v2\/types\/page"}],"author":[{"embeddable":true,"href":"https:\/\/www.tradingwithgo.com\/vi\/wp-json\/wp\/v2\/users\/15"}],"replies":[{"embeddable":true,"href":"https:\/\/www.tradingwithgo.com\/vi\/wp-json\/wp\/v2\/comments?post=273119"}],"version-history":[{"count":0,"href":"https:\/\/www.tradingwithgo.com\/vi\/wp-json\/wp\/v2\/pages\/273119\/revisions"}],"wp:attachment":[{"href":"https:\/\/www.tradingwithgo.com\/vi\/wp-json\/wp\/v2\/media?parent=273119"}],"curies":[{"name":"wp","href":"https:\/\/api.w.org\/{rel}","templated":true}]}}